{"id":19458,"date":"2026-04-01T09:26:53","date_gmt":"2026-04-01T07:26:53","guid":{"rendered":"https:\/\/www.dulacfarmaceutici.com\/?page_id=19458"},"modified":"2026-04-01T09:26:54","modified_gmt":"2026-04-01T07:26:54","slug":"codice-etico","status":"publish","type":"page","link":"https:\/\/www.dulacfarmaceutici.com\/it\/codice-etico\/","title":{"rendered":"Codice Etico"},"content":{"rendered":"\n<div data-wp-interactive=\"core\/file\" class=\"wp-block-file\"><object data-wp-bind--hidden=\"!state.hasPdfPreview\" hidden class=\"wp-block-file__embed\" data=\"https:\/\/www.dulacfarmaceutici.com\/wp-content\/uploads\/2026\/04\/DULAC-CODICE-ETICO_DEF-2026-1.pdf\" type=\"application\/pdf\" style=\"width:100%;height:600px\" aria-label=\"Incorporamento di DULAC CODICE ETICO_DEF 2026.\"><\/object><a id=\"wp-block-file--media-dcb8a0c3-b8ba-4417-af74-adb91058b96e\" href=\"https:\/\/www.dulacfarmaceutici.com\/wp-content\/uploads\/2026\/04\/DULAC-CODICE-ETICO_DEF-2026-1.pdf\">DULAC CODICE ETICO_DEF 2026<\/a><a href=\"https:\/\/www.dulacfarmaceutici.com\/wp-content\/uploads\/2026\/04\/DULAC-CODICE-ETICO_DEF-2026-1.pdf\" class=\"wp-block-file__button wp-element-button\" download aria-describedby=\"wp-block-file--media-dcb8a0c3-b8ba-4417-af74-adb91058b96e\">Download<\/a><\/div>\n","protected":false},"excerpt":{"rendered":"","protected":false},"author":5,"featured_media":0,"parent":0,"menu_order":0,"comment_status":"closed","ping_status":"closed","template":"","meta":{"inline_featured_image":false,"footnotes":""},"class_list":["post-19458","page","type-page","status-publish","hentry"],"yoast_head":"<!-- This site is optimized with the Yoast SEO Premium plugin v26.3 (Yoast SEO v27.2) - https:\/\/yoast.com\/product\/yoast-seo-premium-wordpress\/ -->\n<title>Codice Etico - Dulac<\/title>\n<meta name=\"description\" content=\"Il Consiglio di Amministrazione di DULAC ha adottato il presente Codice Etico, che riflette l\u2019impegno della Societ\u00e0 a mantenere l\u2019attenzione sulle modalit\u00e0 di gestione delle aree a rischio, fornire delle linee guida al personale per contribuire a riconoscere e ad affrontare i problemi etici, contribuire a mantenere una cultura d\u2019integrit\u00e0, onest\u00e0 e responsabilit\u00e0 all\u2019interno dell\u2019azienda.\" \/>\n<meta name=\"robots\" content=\"index, follow, max-snippet:-1, max-image-preview:large, max-video-preview:-1\" \/>\n<link rel=\"canonical\" href=\"https:\/\/www.dulacfarmaceutici.com\/it\/codice-etico\/\" \/>\n<meta property=\"og:locale\" content=\"it_IT\" \/>\n<meta property=\"og:type\" content=\"article\" \/>\n<meta property=\"og:title\" content=\"Codice Etico\" \/>\n<meta property=\"og:description\" content=\"Il Consiglio di Amministrazione di DULAC ha adottato il presente Codice Etico, che riflette l\u2019impegno della Societ\u00e0 a mantenere l\u2019attenzione sulle modalit\u00e0 di gestione delle aree a rischio, fornire delle linee guida al personale per contribuire a riconoscere e ad affrontare i problemi etici, contribuire a mantenere una cultura d\u2019integrit\u00e0, onest\u00e0 e responsabilit\u00e0 all\u2019interno dell\u2019azienda.\" \/>\n<meta property=\"og:url\" content=\"https:\/\/www.dulacfarmaceutici.com\/it\/codice-etico\/\" \/>\n<meta property=\"og:site_name\" content=\"Dulac\" \/>\n<meta property=\"article:publisher\" content=\"https:\/\/www.facebook.com\/DulacFarmaceutici1982\" \/>\n<meta property=\"article:modified_time\" content=\"2026-04-01T07:26:54+00:00\" \/>\n<meta name=\"twitter:card\" content=\"summary_large_image\" \/>\n<meta name=\"twitter:label1\" content=\"Tempo di lettura stimato\" \/>\n\t<meta name=\"twitter:data1\" content=\"1 minuto\" \/>\n<script type=\"application\/ld+json\" class=\"yoast-schema-graph\">{\"@context\":\"https:\/\/schema.org\",\"@graph\":[{\"@type\":\"WebPage\",\"@id\":\"https:\/\/www.dulacfarmaceutici.com\/it\/codice-etico\/\",\"url\":\"https:\/\/www.dulacfarmaceutici.com\/it\/codice-etico\/\",\"name\":\"Codice Etico - Dulac\",\"isPartOf\":{\"@id\":\"https:\/\/www.dulacfarmaceutici.com\/it\/#website\"},\"datePublished\":\"2026-04-01T07:26:53+00:00\",\"dateModified\":\"2026-04-01T07:26:54+00:00\",\"description\":\"Il Consiglio di Amministrazione di DULAC ha adottato il presente Codice Etico, che riflette l\u2019impegno della Societ\u00e0 a mantenere l\u2019attenzione sulle modalit\u00e0 di gestione delle aree a rischio, fornire delle linee guida al personale per contribuire a riconoscere e ad affrontare i problemi etici, contribuire a mantenere una cultura d\u2019integrit\u00e0, onest\u00e0 e responsabilit\u00e0 all\u2019interno dell\u2019azienda.\",\"breadcrumb\":{\"@id\":\"https:\/\/www.dulacfarmaceutici.com\/it\/codice-etico\/#breadcrumb\"},\"inLanguage\":\"it-IT\",\"potentialAction\":[{\"@type\":\"ReadAction\",\"target\":[\"https:\/\/www.dulacfarmaceutici.com\/it\/codice-etico\/\"]}]},{\"@type\":\"BreadcrumbList\",\"@id\":\"https:\/\/www.dulacfarmaceutici.com\/it\/codice-etico\/#breadcrumb\",\"itemListElement\":[{\"@type\":\"ListItem\",\"position\":1,\"name\":\"Home\",\"item\":\"https:\/\/www.dulacfarmaceutici.com\/it\/\"},{\"@type\":\"ListItem\",\"position\":2,\"name\":\"Codice Etico\"}]},{\"@type\":\"WebSite\",\"@id\":\"https:\/\/www.dulacfarmaceutici.com\/it\/#website\",\"url\":\"https:\/\/www.dulacfarmaceutici.com\/it\/\",\"name\":\"DuLac\",\"description\":\"Farmaceutici\",\"publisher\":{\"@id\":\"https:\/\/www.dulacfarmaceutici.com\/it\/#organization\"},\"potentialAction\":[{\"@type\":\"SearchAction\",\"target\":{\"@type\":\"EntryPoint\",\"urlTemplate\":\"https:\/\/www.dulacfarmaceutici.com\/it\/?s={search_term_string}\"},\"query-input\":{\"@type\":\"PropertyValueSpecification\",\"valueRequired\":true,\"valueName\":\"search_term_string\"}}],\"inLanguage\":\"it-IT\"},{\"@type\":\"Organization\",\"@id\":\"https:\/\/www.dulacfarmaceutici.com\/it\/#organization\",\"name\":\"DuLac\",\"url\":\"https:\/\/www.dulacfarmaceutici.com\/it\/\",\"logo\":{\"@type\":\"ImageObject\",\"inLanguage\":\"it-IT\",\"@id\":\"https:\/\/www.dulacfarmaceutici.com\/it\/#\/schema\/logo\/image\/\",\"url\":\"https:\/\/www.dulacfarmaceutici.com\/wp-content\/uploads\/2024\/12\/DuLac-Logo.svg\",\"contentUrl\":\"https:\/\/www.dulacfarmaceutici.com\/wp-content\/uploads\/2024\/12\/DuLac-Logo.svg\",\"width\":453,\"height\":166,\"caption\":\"DuLac\"},\"image\":{\"@id\":\"https:\/\/www.dulacfarmaceutici.com\/it\/#\/schema\/logo\/image\/\"},\"sameAs\":[\"https:\/\/www.facebook.com\/DulacFarmaceutici1982\",\"https:\/\/www.instagram.com\/dulacfarmaceutici1982\/\"]}]}<\/script>\n<!-- \/ Yoast SEO Premium plugin. -->","yoast_head_json":{"title":"Codice Etico - Dulac","description":"Il Consiglio di Amministrazione di DULAC ha adottato il presente Codice Etico, che riflette l\u2019impegno della Societ\u00e0 a mantenere l\u2019attenzione sulle modalit\u00e0 di gestione delle aree a rischio, fornire delle linee guida al personale per contribuire a riconoscere e ad affrontare i problemi etici, contribuire a mantenere una cultura d\u2019integrit\u00e0, onest\u00e0 e responsabilit\u00e0 all\u2019interno dell\u2019azienda.","robots":{"index":"index","follow":"follow","max-snippet":"max-snippet:-1","max-image-preview":"max-image-preview:large","max-video-preview":"max-video-preview:-1"},"canonical":"https:\/\/www.dulacfarmaceutici.com\/it\/codice-etico\/","og_locale":"it_IT","og_type":"article","og_title":"Codice Etico","og_description":"Il Consiglio di Amministrazione di DULAC ha adottato il presente Codice Etico, che riflette l\u2019impegno della Societ\u00e0 a mantenere l\u2019attenzione sulle modalit\u00e0 di gestione delle aree a rischio, fornire delle linee guida al personale per contribuire a riconoscere e ad affrontare i problemi etici, contribuire a mantenere una cultura d\u2019integrit\u00e0, onest\u00e0 e responsabilit\u00e0 all\u2019interno dell\u2019azienda.","og_url":"https:\/\/www.dulacfarmaceutici.com\/it\/codice-etico\/","og_site_name":"Dulac","article_publisher":"https:\/\/www.facebook.com\/DulacFarmaceutici1982","article_modified_time":"2026-04-01T07:26:54+00:00","twitter_card":"summary_large_image","twitter_misc":{"Tempo di lettura stimato":"1 minuto"},"schema":{"@context":"https:\/\/schema.org","@graph":[{"@type":"WebPage","@id":"https:\/\/www.dulacfarmaceutici.com\/it\/codice-etico\/","url":"https:\/\/www.dulacfarmaceutici.com\/it\/codice-etico\/","name":"Codice Etico - Dulac","isPartOf":{"@id":"https:\/\/www.dulacfarmaceutici.com\/it\/#website"},"datePublished":"2026-04-01T07:26:53+00:00","dateModified":"2026-04-01T07:26:54+00:00","description":"Il Consiglio di Amministrazione di DULAC ha adottato il presente Codice Etico, che riflette l\u2019impegno della Societ\u00e0 a mantenere l\u2019attenzione sulle modalit\u00e0 di gestione delle aree a rischio, fornire delle linee guida al personale per contribuire a riconoscere e ad affrontare i problemi etici, contribuire a mantenere una cultura d\u2019integrit\u00e0, onest\u00e0 e responsabilit\u00e0 all\u2019interno dell\u2019azienda.","breadcrumb":{"@id":"https:\/\/www.dulacfarmaceutici.com\/it\/codice-etico\/#breadcrumb"},"inLanguage":"it-IT","potentialAction":[{"@type":"ReadAction","target":["https:\/\/www.dulacfarmaceutici.com\/it\/codice-etico\/"]}]},{"@type":"BreadcrumbList","@id":"https:\/\/www.dulacfarmaceutici.com\/it\/codice-etico\/#breadcrumb","itemListElement":[{"@type":"ListItem","position":1,"name":"Home","item":"https:\/\/www.dulacfarmaceutici.com\/it\/"},{"@type":"ListItem","position":2,"name":"Codice Etico"}]},{"@type":"WebSite","@id":"https:\/\/www.dulacfarmaceutici.com\/it\/#website","url":"https:\/\/www.dulacfarmaceutici.com\/it\/","name":"DuLac","description":"Farmaceutici","publisher":{"@id":"https:\/\/www.dulacfarmaceutici.com\/it\/#organization"},"potentialAction":[{"@type":"SearchAction","target":{"@type":"EntryPoint","urlTemplate":"https:\/\/www.dulacfarmaceutici.com\/it\/?s={search_term_string}"},"query-input":{"@type":"PropertyValueSpecification","valueRequired":true,"valueName":"search_term_string"}}],"inLanguage":"it-IT"},{"@type":"Organization","@id":"https:\/\/www.dulacfarmaceutici.com\/it\/#organization","name":"DuLac","url":"https:\/\/www.dulacfarmaceutici.com\/it\/","logo":{"@type":"ImageObject","inLanguage":"it-IT","@id":"https:\/\/www.dulacfarmaceutici.com\/it\/#\/schema\/logo\/image\/","url":"https:\/\/www.dulacfarmaceutici.com\/wp-content\/uploads\/2024\/12\/DuLac-Logo.svg","contentUrl":"https:\/\/www.dulacfarmaceutici.com\/wp-content\/uploads\/2024\/12\/DuLac-Logo.svg","width":453,"height":166,"caption":"DuLac"},"image":{"@id":"https:\/\/www.dulacfarmaceutici.com\/it\/#\/schema\/logo\/image\/"},"sameAs":["https:\/\/www.facebook.com\/DulacFarmaceutici1982","https:\/\/www.instagram.com\/dulacfarmaceutici1982\/"]}]}},"_links":{"self":[{"href":"https:\/\/www.dulacfarmaceutici.com\/it\/wp-json\/wp\/v2\/pages\/19458","targetHints":{"allow":["GET"]}}],"collection":[{"href":"https:\/\/www.dulacfarmaceutici.com\/it\/wp-json\/wp\/v2\/pages"}],"about":[{"href":"https:\/\/www.dulacfarmaceutici.com\/it\/wp-json\/wp\/v2\/types\/page"}],"author":[{"embeddable":true,"href":"https:\/\/www.dulacfarmaceutici.com\/it\/wp-json\/wp\/v2\/users\/5"}],"replies":[{"embeddable":true,"href":"https:\/\/www.dulacfarmaceutici.com\/it\/wp-json\/wp\/v2\/comments?post=19458"}],"version-history":[{"count":1,"href":"https:\/\/www.dulacfarmaceutici.com\/it\/wp-json\/wp\/v2\/pages\/19458\/revisions"}],"predecessor-version":[{"id":19462,"href":"https:\/\/www.dulacfarmaceutici.com\/it\/wp-json\/wp\/v2\/pages\/19458\/revisions\/19462"}],"wp:attachment":[{"href":"https:\/\/www.dulacfarmaceutici.com\/it\/wp-json\/wp\/v2\/media?parent=19458"}],"curies":[{"name":"wp","href":"https:\/\/api.w.org\/{rel}","templated":true}]}}